{"id":6780,"date":"2024-05-02T19:25:46","date_gmt":"2024-05-02T17:25:46","guid":{"rendered":"https:\/\/croissantcatgames.com\/?page_id=6780"},"modified":"2024-10-07T23:15:34","modified_gmt":"2024-10-07T21:15:34","slug":"politica-de-privacidad-dispositivos-mobiles","status":"publish","type":"page","link":"https:\/\/croissantcatgames.com\/es\/politica-de-privacidad-dispositivos-mobiles\/","title":{"rendered":"Pol\u00edtica de privacidad dispositivos m\u00f3biles"},"content":{"rendered":"<p><strong>\u00daltima actualizaci\u00f3n:<\/strong> 7 de octubre de 2024<\/p>\n<h3>1. Introducci\u00f3n:<\/h3>\n<p>La finalidad de esta pol\u00edtica de privacidad es la de informar a las personas lectoras, cu\u00e1les son nuestras pol\u00edticas respecto a la recolecci\u00f3n y compartici\u00f3n de datos de quienes utilizan nuestro Videojuego Kidnelis.<\/p>\n<h3>2. Informaci\u00f3n Recopilada:<\/h3>\n<p>Con el fin de ofrecer una buena experiencia de juego libre de errores, toda la informaci\u00f3n que recolectamos son datos anal\u00edticos. De forma general y an\u00f3nima.<\/p>\n<h3>3. Utilizaci\u00f3n de los Datos Recopilados:<\/h3>\n<p>Toda la informaci\u00f3n recogida se utilizar\u00e1 con el \u00fanico objetivo de mejorar la funcionalidad de la aplicaci\u00f3n o para resolver errores.<\/p>\n<p>No haremos negocio con los datos.<\/p>\n<p>Nuestro Videojuego no incluye anuncios.<\/p>\n<h3>4. Compartici\u00f3n de Datos:<\/h3>\n<p>Actualmente no compartimos datos con terceros. En caso de hacerlo, lo m\u00e1s probable ser\u00eda que lo hici\u00e9ramos con Unity Services o Google Play Services, y con el fin de ayudar a diagnosticar errores, y actualizar\u00edamos la pol\u00edtica de privacidad.<\/p>\n<h3>5. Seguridad:<\/h3>\n<p>Utilizamos medidas de seguridad administrativas, t\u00e9cnicas y f\u00edsicas para ayudar a proteger su informaci\u00f3n personal. Aunque hemos tomado medidas razonables para proteger la informaci\u00f3n personal que nos proporcione, tenga en cuenta que, a pesar de nuestros esfuerzos, ninguna medida de seguridad es perfecta o impenetrable, y no se puede garantizar ning\u00fan m\u00e9todo de transmisi\u00f3n de datos contra ninguna intercepci\u00f3n o otro tipo de uso indebido.<\/p>\n<p>Adem\u00e1s, cualquier informaci\u00f3n divulgada online es vulnerable a la intercepci\u00f3n y el mal uso por partes no autorizadas. Por tanto, no podemos garantizar la seguridad completa si nos proporcionas informaci\u00f3n personal.,<\/p>\n<h3>6. Acceso y Control de la Informaci\u00f3n:<\/h3>\n<p>En cualquier momento, puede revisar o cambiar la informaci\u00f3n de su cuenta o cancelarla todo:<\/p>\n<ul>\n<li>Iniciando sesi\u00f3n en la configuraci\u00f3n de su cuenta y actualiz\u00e1ndola.<\/li>\n<li>Poni\u00e9ndose en contacto con nosotros mediante la informaci\u00f3n de contacto proporcionada a continuaci\u00f3n<\/li>\n<\/ul>\n<p>Despu\u00e9s de su solicitud para cancelar su cuenta, desactivaremos o suprimiremos su cuenta y la informaci\u00f3n de nuestras bases de datos activas. Sin embargo, podr\u00eda darse el caso de que conservemos parte de la informaci\u00f3n en nuestros ficheros para prevenir fraudes, solucionar problemas, ayudar con cualquier investigaci\u00f3n, hacer cumplir nuestras Condiciones de uso y\/o cumplir con los requisitos legales.<\/p>\n<h3>7. Consentimiento de los Padres o Tutor Legal:<\/h3>\n<p>No solicitamos ni comercializamos informaci\u00f3n de ni\u00f1os menores de 13 a\u00f1os con conocimiento de causa. Si tiene conocimiento de cualquier dato que hemos recopilado de ni\u00f1os menores de 13 a\u00f1os, p\u00f3ngase en contacto con nosotros mediante la informaci\u00f3n de contacto que se ofrece a continuaci\u00f3n.<\/p>\n<h3>8. Cambios en la Pol\u00edtica de Privacidad:<\/h3>\n<p>Nos reservamos el derecho de realizar cambios en esta Pol\u00edtica de privacidad en cualquier momento y por cualquier motivo. Le avisaremos sobre cualquier cambio actualizando la fecha de \u00ab\u00daltima actualizaci\u00f3n\u00bb de esta Pol\u00edtica de privacidad.<\/p>\n<p>Cualquier cambio o modificaci\u00f3n ser\u00e1 efectivo inmediatamente despu\u00e9s de publicar la Pol\u00edtica de privacidad actualizada en el Sitio, y renuncie al derecho de recibir un aviso espec\u00edfico de cada cambio o modificaci\u00f3n.<\/p>\n<p>Le recomendamos que revise peri\u00f3dicamente esta Pol\u00edtica de privacidad para mantenerse informado de las actualizaciones. Se considerar\u00e1 que ha sido informado, estar\u00e1 sujeto a, y se considerar\u00e1 que ha aceptado los cambios en cualquier Pol\u00edtica de privacidad revisada por el uso continuado del sitio despu\u00e9s de la fecha de publicaci\u00f3n de esta Pol\u00edtica de privacidad revisada.<\/p>\n<h3>9. Legislaci\u00f3n y Jurisdicci\u00f3n:<\/h3>\n<p>Si creemos que la divulgaci\u00f3n de su informaci\u00f3n es necesaria para responder a un proceso legal, para investigar o solucionar posibles violaciones de nuestras pol\u00edticas o para proteger los derechos, la propiedad y la seguridad de otras personas, podemos compartir su informaci\u00f3n seg\u00fan lo permita o lo requiera. cualquier ley, norma o reglamento aplicable. Esto incluye el intercambio de informaci\u00f3n con otras entidades para la protecci\u00f3n contra el fraude y la reducci\u00f3n del riesgo de cr\u00e9dito.<\/p>\n<h3>10. Preguntas y Contacto:<\/h3>\n<p>Si tiene preguntas o comentarios sobre esta Pol\u00edtica de privacidad, p\u00f3ngase en contacto con nosotros en:<\/p>\n<p><strong>Croissant Cat Games<\/strong> \u2013 <a href=\"mailto:contact@croissantcatgames.com\">contact@croissantcatgames.com<\/a><\/p>\n","protected":false},"excerpt":{"rendered":"<p>\u00daltima actualizaci\u00f3n: 7 de octubre de 2024 1. Introducci\u00f3n: La finalidad de esta pol\u00edtica de privacidad es la de informar a las personas lectoras, cu\u00e1les son nuestras pol\u00edticas respecto a la recolecci\u00f3n y compartici\u00f3n de datos de quienes utilizan nuestro Videojuego Kidnelis. 2. Informaci\u00f3n Recopilada: Con el fin de ofrecer una buena experiencia de juego&hellip;<\/p>\n","protected":false},"author":1,"featured_media":0,"parent":0,"menu_order":0,"comment_status":"closed","ping_status":"closed","template":"","meta":{"om_disable_all_campaigns":false,"_monsterinsights_skip_tracking":false,"_monsterinsights_sitenote_active":false,"_monsterinsights_sitenote_note":"","_monsterinsights_sitenote_category":0,"footnotes":""},"class_list":["post-6780","page","type-page","status-publish","hentry","description-off"],"aioseo_notices":[],"_links":{"self":[{"href":"https:\/\/croissantcatgames.com\/es\/wp-json\/wp\/v2\/pages\/6780","targetHints":{"allow":["GET"]}}],"collection":[{"href":"https:\/\/croissantcatgames.com\/es\/wp-json\/wp\/v2\/pages"}],"about":[{"href":"https:\/\/croissantcatgames.com\/es\/wp-json\/wp\/v2\/types\/page"}],"author":[{"embeddable":true,"href":"https:\/\/croissantcatgames.com\/es\/wp-json\/wp\/v2\/users\/1"}],"replies":[{"embeddable":true,"href":"https:\/\/croissantcatgames.com\/es\/wp-json\/wp\/v2\/comments?post=6780"}],"version-history":[{"count":3,"href":"https:\/\/croissantcatgames.com\/es\/wp-json\/wp\/v2\/pages\/6780\/revisions"}],"predecessor-version":[{"id":6783,"href":"https:\/\/croissantcatgames.com\/es\/wp-json\/wp\/v2\/pages\/6780\/revisions\/6783"}],"wp:attachment":[{"href":"https:\/\/croissantcatgames.com\/es\/wp-json\/wp\/v2\/media?parent=6780"}],"curies":[{"name":"wp","href":"https:\/\/api.w.org\/{rel}","templated":true}]}}