{"id":6503,"date":"2024-04-04T21:28:40","date_gmt":"2024-04-04T19:28:40","guid":{"rendered":"https:\/\/croissantcatgames.com\/kidnelis\/"},"modified":"2024-06-13T11:49:02","modified_gmt":"2024-06-13T09:49:02","slug":"kidnelis","status":"publish","type":"page","link":"https:\/\/croissantcatgames.com\/es\/kidnelis\/","title":{"rendered":"Kidnelis"},"content":{"rendered":"<div class=\"wpb-content-wrapper\"><p>[vc_row][vc_column]<div id=\"ultimate-heading-709969db2cf8da872\" class=\"uvc-heading ult-adjust-bottom-margin ultimate-heading-709969db2cf8da872 uvc-6110  uvc-heading-default-font-sizes\" data-hspacer=\"no_spacer\"  data-halign=\"center\" style=\"text-align:center\"><div class=\"uvc-heading-spacer no_spacer\" style=\"top\"><\/div><div class=\"uvc-main-heading ult-responsive\"  data-ultimate-target='.uvc-heading.ultimate-heading-709969db2cf8da872 h2'  data-responsive-json-new='{\"font-size\":\"\",\"line-height\":\"\"}' ><h2 style=\"--font-weight:theme;color:#dd3333;\">Verdades, mentiras e imaginaci\u00f3n<\/h2><\/div><div class=\"uvc-sub-heading ult-responsive\"  data-ultimate-target='.uvc-heading.ultimate-heading-709969db2cf8da872 .uvc-sub-heading '  data-responsive-json-new='{\"font-size\":\"\",\"line-height\":\"\"}'  style=\"font-weight:normal;\">Un videojuego para mejorar la lectoescritura<\/div><\/div>[vc_empty_space][vc_single_image image=\u00bb6694&#8243; img_size=\u00bb800&#215;450&#8243; alignment=\u00bbcenter\u00bb style=\u00bbvc_box_shadow\u00bb onclick=\u00bblink_image\u00bb css_animation=\u00bbbounceInUp\u00bb css=\u00bb\u00bb lazy_loading=\u00bbtrue\u00bb][vc_empty_space]<div id=\"ultimate-heading-601169db2cf8da958\" class=\"uvc-heading ult-adjust-bottom-margin ultimate-heading-601169db2cf8da958 uvc-8748  uvc-heading-default-font-sizes\" data-hspacer=\"no_spacer\"  data-halign=\"center\" style=\"text-align:center\"><div class=\"uvc-heading-spacer no_spacer\" style=\"top\"><\/div><div class=\"uvc-main-heading ult-responsive\"  data-ultimate-target='.uvc-heading.ultimate-heading-601169db2cf8da958 h2'  data-responsive-json-new='{\"font-size\":\"\",\"line-height\":\"\"}' ><h2 style=\"--font-weight:theme;\">\u00bfQu\u00e9 \u00e9s Kidnelis?<\/h2><\/div><div class=\"uvc-sub-heading ult-responsive\"  data-ultimate-target='.uvc-heading.ultimate-heading-601169db2cf8da958 .uvc-sub-heading '  data-responsive-json-new='{\"font-size\":\"\",\"line-height\":\"\"}'  style=\"font-weight:normal;\">Mucho m\u00e1s que una experiencia individual<\/div><\/div>[vc_empty_space][vc_column_text css=\u00bb\u00bb]El videojuego Kidnelis es una adaptaci\u00f3n del juego de mesa con el mismo nombre, que aprovecha todos los beneficios que ofrece el formato digital para aportar una experiencia m\u00e1s enriquecida.<\/p>\n<p>Kidnelis propone una experiencia que permite a las personas que la juegan desarrollar la <strong>atenci\u00f3n<\/strong>, <strong>concentraci\u00f3n<\/strong> y memoria a <strong>corto plazo<\/strong>, la <a href=\"https:\/\/dle.rae.es\/lectoescritura\" target=\"_blank\" rel=\"noopener\"><strong>lectoescritura<\/strong><\/a>, la <strong>caligraf\u00eda<\/strong>, la <strong>comprensi\u00f3n<\/strong> y la <strong>imaginaci\u00f3n<\/strong>.<\/p>\n<p>Mediante una serie de frases ocurrentes, las jugadoras tendr\u00e1n que comprenderlas, decidir si son verdaderas o falsas y luego replicar su construcci\u00f3n bien sea estructur\u00e1ndolas, escribi\u00e9ndolas con un l\u00e1piz digital o utilizando un teclado QWERTY.<\/p>\n<p><span data-sheets-root=\"1\" data-sheets-value=\"{&quot;1&quot;:2,&quot;2&quot;:&quot;El videojuego busca fomentar la comunicaci\u00f3n abriendo un espacio para la discusi\u00f3n verbal en relaci\u00f3n a la verosimilitud de las frases que se han le\u00eddo, bien sea con la familia, las amistades o el profesorado.&quot;}\" data-sheets-userformat=\"{&quot;2&quot;:13233,&quot;3&quot;:{&quot;1&quot;:0},&quot;7&quot;:{&quot;1&quot;:[{&quot;1&quot;:2,&quot;2&quot;:0,&quot;5&quot;:{&quot;1&quot;:2,&quot;2&quot;:0}},{&quot;1&quot;:0,&quot;2&quot;:0,&quot;3&quot;:3},{&quot;1&quot;:1,&quot;2&quot;:0,&quot;4&quot;:1}]},&quot;8&quot;:{&quot;1&quot;:[{&quot;1&quot;:2,&quot;2&quot;:0,&quot;5&quot;:{&quot;1&quot;:2,&quot;2&quot;:0}},{&quot;1&quot;:0,&quot;2&quot;:0,&quot;3&quot;:3},{&quot;1&quot;:1,&quot;2&quot;:0,&quot;4&quot;:1}]},&quot;10&quot;:1,&quot;11&quot;:4,&quot;12&quot;:0,&quot;15&quot;:&quot;Calibri&quot;,&quot;16&quot;:11}\" data-sheets-textstyleruns=\"{&quot;1&quot;:0}\uee10{&quot;1&quot;:32,&quot;2&quot;:{&quot;5&quot;:1}}\uee10{&quot;1&quot;:45}\uee10{&quot;1&quot;:73,&quot;2&quot;:{&quot;5&quot;:1}}\uee10{&quot;1&quot;:89}\uee10{&quot;1&quot;:169,&quot;2&quot;:{&quot;5&quot;:1}}\uee10{&quot;1&quot;:176}\uee10{&quot;1&quot;:182,&quot;2&quot;:{&quot;5&quot;:1}}\uee10{&quot;1&quot;:192}\uee10{&quot;1&quot;:197,&quot;2&quot;:{&quot;5&quot;:1}}\uee10{&quot;1&quot;:208}\">El videojuego busca <strong>fomentar la comunicaci\u00f3n<\/strong> abriendo un espacio para la <strong>discusi\u00f3n verbal<\/strong> en relaci\u00f3n a la verosimilitud de las frases que se han le\u00eddo, bien sea con la <strong>familia<\/strong>, las <strong>amistades<\/strong> o el <strong>profesorado<\/strong>.<\/span>[\/vc_column_text][vc_empty_space height=\u00bb50px\u00bb][vc_row_inner][vc_column_inner width=\u00bb1\/3&#8243;][vc_single_image image=\u00bb6721&#8243; img_size=\u00bbfull\u00bb alignment=\u00bbcenter\u00bb style=\u00bbvc_box_rounded\u00bb onclick=\u00bblink_image\u00bb css_animation=\u00bbbounceInLeft\u00bb css=\u00bb\u00bb lazy_loading=\u00bbtrue\u00bb][\/vc_column_inner][vc_column_inner width=\u00bb1\/3&#8243;][vc_single_image image=\u00bb6718&#8243; img_size=\u00bbfull\u00bb alignment=\u00bbcenter\u00bb style=\u00bbvc_box_rounded\u00bb onclick=\u00bblink_image\u00bb css_animation=\u00bbbounceInUp\u00bb css=\u00bb\u00bb lazy_loading=\u00bbtrue\u00bb][\/vc_column_inner][vc_column_inner width=\u00bb1\/3&#8243;][vc_single_image image=\u00bb6715&#8243; img_size=\u00bbfull\u00bb alignment=\u00bbcenter\u00bb style=\u00bbvc_box_rounded\u00bb onclick=\u00bblink_image\u00bb css_animation=\u00bbbounceInRight\u00bb css=\u00bb\u00bb lazy_loading=\u00bbtrue\u00bb][\/vc_column_inner][\/vc_row_inner][\/vc_column][\/vc_row][vc_row][vc_column][vc_empty_space][vc_column_text css=\u00bb\u00bb]<\/p>\n<h1 style=\"text-align: center;\">\u00bfC\u00f3mo descargar el videojuego?<\/h1>\n<p>[\/vc_column_text][vc_empty_space][vc_column_text css=\u00bb\u00bb]<\/p>\n<p style=\"text-align: center;\"><iframe src=\"https:\/\/store.steampowered.com\/widget\/2898890\/?t=%C2%A1Ven%20a%20formar%20parte%20de%20la%20comunidad%20Kidnelis!%20A%C3%B1%C3%A1delo%20a%20tu%20lista%20de%20deseados%20ahora%20para%20aprovechar%20el%20descuento%20de%20lanzamiento%20del%2010%20%25.\" width=\"646\" height=\"190\" frameborder=\"0\"><\/iframe><\/p>\n<p>[\/vc_column_text][vc_row_inner][vc_column_inner][vc_empty_space]<div id=\"ultimate-heading-31869db2cf8daa08\" class=\"uvc-heading ult-adjust-bottom-margin ultimate-heading-31869db2cf8daa08 uvc-6436  uvc-heading-default-font-sizes\" data-hspacer=\"no_spacer\"  data-halign=\"center\" style=\"text-align:center\"><div class=\"uvc-heading-spacer no_spacer\" style=\"top\"><\/div><div class=\"uvc-main-heading ult-responsive\"  data-ultimate-target='.uvc-heading.ultimate-heading-31869db2cf8daa08 h2'  data-responsive-json-new='{\"font-size\":\"\",\"line-height\":\"\"}' ><h2 style=\"--font-weight:theme;\">Cr\u00e9ditos del videojuego:<\/h2><\/div><div class=\"uvc-sub-heading ult-responsive\"  data-ultimate-target='.uvc-heading.ultimate-heading-31869db2cf8daa08 .uvc-sub-heading '  data-responsive-json-new='{\"font-size\":\"\",\"line-height\":\"\"}'  style=\"font-weight:normal;\"><\/p>\n<p style=\"text-align: center;\"><strong>Arte y animaci\u00f3n:<\/strong> Claudia Popa<\/p>\n<p style=\"text-align: center;\"><strong>Programaci\u00f3n:<\/strong> Boris Riera<\/p>\n<p style=\"text-align: center;\"><strong>Dise\u00f1o y Producci\u00f3n:<\/strong> Arnau Frago<\/p>\n<p style=\"text-align: center;\"><strong>M\u00fasica y Sonido: <\/strong>Alejandro Agustin Gay<\/p>\n<p><\/div><\/div>[\/vc_column_inner][\/vc_row_inner][\/vc_column][\/vc_row]<\/p>\n<\/div>","protected":false},"excerpt":{"rendered":"<p>[vc_row][vc_column][vc_empty_space][vc_single_image image=\u00bb6694&#8243; img_size=\u00bb800&#215;450&#8243; alignment=\u00bbcenter\u00bb style=\u00bbvc_box_shadow\u00bb onclick=\u00bblink_image\u00bb css_animation=\u00bbbounceInUp\u00bb css=\u00bb\u00bb lazy_loading=\u00bbtrue\u00bb][vc_empty_space][vc_empty_space][vc_column_text css=\u00bb\u00bb]El videojuego Kidnelis es una adaptaci\u00f3n del juego de mesa con el mismo nombre, que aprovecha todos los beneficios que ofrece el formato digital para aportar una experiencia m\u00e1s enriquecida. Kidnelis propone una experiencia que permite a las personas que la juegan desarrollar la atenci\u00f3n, concentraci\u00f3n&hellip;<\/p>\n","protected":false},"author":1,"featured_media":0,"parent":0,"menu_order":0,"comment_status":"closed","ping_status":"closed","template":"","meta":{"om_disable_all_campaigns":false,"_monsterinsights_skip_tracking":false,"_monsterinsights_sitenote_active":false,"_monsterinsights_sitenote_note":"","_monsterinsights_sitenote_category":0,"footnotes":""},"class_list":["post-6503","page","type-page","status-publish","hentry","description-off"],"aioseo_notices":[],"_links":{"self":[{"href":"https:\/\/croissantcatgames.com\/es\/wp-json\/wp\/v2\/pages\/6503","targetHints":{"allow":["GET"]}}],"collection":[{"href":"https:\/\/croissantcatgames.com\/es\/wp-json\/wp\/v2\/pages"}],"about":[{"href":"https:\/\/croissantcatgames.com\/es\/wp-json\/wp\/v2\/types\/page"}],"author":[{"embeddable":true,"href":"https:\/\/croissantcatgames.com\/es\/wp-json\/wp\/v2\/users\/1"}],"replies":[{"embeddable":true,"href":"https:\/\/croissantcatgames.com\/es\/wp-json\/wp\/v2\/comments?post=6503"}],"version-history":[{"count":11,"href":"https:\/\/croissantcatgames.com\/es\/wp-json\/wp\/v2\/pages\/6503\/revisions"}],"predecessor-version":[{"id":6770,"href":"https:\/\/croissantcatgames.com\/es\/wp-json\/wp\/v2\/pages\/6503\/revisions\/6770"}],"wp:attachment":[{"href":"https:\/\/croissantcatgames.com\/es\/wp-json\/wp\/v2\/media?parent=6503"}],"curies":[{"name":"wp","href":"https:\/\/api.w.org\/{rel}","templated":true}]}}