{"id":6368,"date":"2024-02-28T21:54:31","date_gmt":"2024-02-28T19:54:31","guid":{"rendered":"https:\/\/croissantcatgames.com\/?page_id=6368"},"modified":"2024-05-16T17:42:04","modified_gmt":"2024-05-16T15:42:04","slug":"blog","status":"publish","type":"page","link":"https:\/\/croissantcatgames.com\/es\/blog\/","title":{"rendered":"Blog"},"content":{"rendered":"<div class=\"wpb-content-wrapper\"><p>[vc_row][vc_column]<section class=\"items-grid wf-container\"><div class=\"wf-cell wf-1\"><article class=\"post-format-standard\"><div class=\"mini-post-img\"><a class=\"alignleft post-rollover layzr-bg\" href=\"https:\/\/croissantcatgames.com\/es\/hoja-de-ruta-2025\/\" aria-label=\"Post image\"><img decoding=\"async\" class=\"preload-me lazy-load aspect\" src=\"data:image\/svg+xml,%3Csvg%20xmlns%3D&#39;http%3A%2F%2Fwww.w3.org%2F2000%2Fsvg&#39;%20viewBox%3D&#39;0%200%20240%20120&#39;%2F%3E\" data-src=\"https:\/\/croissantcatgames.com\/wp-content\/uploads\/2025\/01\/RoadMap2025-240x120.jpg\" data-srcset=\"https:\/\/croissantcatgames.com\/wp-content\/uploads\/2025\/01\/RoadMap2025-240x120.jpg 240w, https:\/\/croissantcatgames.com\/wp-content\/uploads\/2025\/01\/RoadMap2025-480x240.jpg 480w\" loading=\"eager\" style=\"--ratio: 240 \/ 120\" sizes=\"(max-width: 240px) 100vw, 240px\" width=\"240\" height=\"120\"  alt=\"\" \/><\/a><\/div><div class=\"post-content\"><a href=\"https:\/\/croissantcatgames.com\/es\/hoja-de-ruta-2025\/\">Hoja de ruta 2025<\/a><p class=\"text-small\">BeeTheBest Durante el a\u00f1o 2024 logramos grandes avances con el videojuego BeeTheBest. Mejoramos los gr\u00e1ficos, creando nuevos fondos e incluyendo...<\/p><time class=\"text-secondary\" datetime=\"2025-01-23T12:45:57+02:00\">23\/01\/2025<\/time><\/div><\/article><\/div><div class=\"wf-cell wf-1\"><article class=\"post-format-standard\"><div class=\"mini-post-img\"><a class=\"alignleft post-rollover layzr-bg\" href=\"https:\/\/croissantcatgames.com\/es\/participacion-al-saga\/\" aria-label=\"Post image\"><img decoding=\"async\" class=\"preload-me lazy-load aspect\" src=\"data:image\/svg+xml,%3Csvg%20xmlns%3D&#39;http%3A%2F%2Fwww.w3.org%2F2000%2Fsvg&#39;%20viewBox%3D&#39;0%200%20240%20120&#39;%2F%3E\" data-src=\"https:\/\/croissantcatgames.com\/wp-content\/uploads\/2024\/11\/master_grafica_1_1716301613_700_1719568362_700_1_1730979893_700-240x120.jpg\" data-srcset=\"https:\/\/croissantcatgames.com\/wp-content\/uploads\/2024\/11\/master_grafica_1_1716301613_700_1719568362_700_1_1730979893_700-240x120.jpg 240w, https:\/\/croissantcatgames.com\/wp-content\/uploads\/2024\/11\/master_grafica_1_1716301613_700_1719568362_700_1_1730979893_700-480x240.jpg 480w\" loading=\"eager\" style=\"--ratio: 240 \/ 120\" sizes=\"(max-width: 240px) 100vw, 240px\" width=\"240\" height=\"120\"  alt=\"\" \/><\/a><\/div><div class=\"post-content\"><a href=\"https:\/\/croissantcatgames.com\/es\/participacion-al-saga\/\">Participaci\u00f3n al \u2192 SAGA<\/a><p class=\"text-small\">Del 29 de noviembre al 1 de diciembre de este a\u00f1o, estaremos de nuevo en La Farga de l\u2019Hospitalet, punto neur\u00e1lgico del videojuego actual en Catalu\u00f1a...<\/p><time class=\"text-secondary\" datetime=\"2024-11-11T17:16:04+02:00\">11\/11\/2024<\/time><\/div><\/article><\/div><div class=\"wf-cell wf-1\"><article class=\"post-format-standard\"><div class=\"mini-post-img\"><a class=\"alignleft post-rollover layzr-bg\" href=\"https:\/\/croissantcatgames.com\/es\/lanzamiento-del-videojuego-kidnelis\/\" aria-label=\"Post image\"><img decoding=\"async\" class=\"preload-me lazy-load aspect\" src=\"data:image\/svg+xml,%3Csvg%20xmlns%3D&#39;http%3A%2F%2Fwww.w3.org%2F2000%2Fsvg&#39;%20viewBox%3D&#39;0%200%20240%20120&#39;%2F%3E\" data-src=\"https:\/\/croissantcatgames.com\/wp-content\/uploads\/2024\/05\/Juega-scaled-240x120.jpg\" data-srcset=\"https:\/\/croissantcatgames.com\/wp-content\/uploads\/2024\/05\/Juega-scaled-240x120.jpg 240w, https:\/\/croissantcatgames.com\/wp-content\/uploads\/2024\/05\/Juega-scaled-480x240.jpg 480w\" loading=\"eager\" style=\"--ratio: 240 \/ 120\" sizes=\"(max-width: 240px) 100vw, 240px\" width=\"240\" height=\"120\"  alt=\"\" \/><\/a><\/div><div class=\"post-content\"><a href=\"https:\/\/croissantcatgames.com\/es\/lanzamiento-del-videojuego-kidnelis\/\">Lanzamiento del videojuego Kidnelis<\/a><p class=\"text-small\">El pr\u00f3ximo 10 de junio llevaremos a cabo el lanzamiento del videojuego Kidnelis para ordenador mediante la plataforma STEAM...<\/p><time class=\"text-secondary\" datetime=\"2024-05-31T22:37:41+02:00\">31\/05\/2024<\/time><\/div><\/article><\/div><div class=\"wf-cell wf-1\"><article class=\"post-format-standard\"><div class=\"mini-post-img\"><a class=\"alignleft post-rollover layzr-bg\" href=\"https:\/\/croissantcatgames.com\/es\/acuerdo-comercial-con-sabadell-shop\/\" aria-label=\"Post image\"><img decoding=\"async\" class=\"preload-me lazy-load aspect\" src=\"data:image\/svg+xml,%3Csvg%20xmlns%3D&#39;http%3A%2F%2Fwww.w3.org%2F2000%2Fsvg&#39;%20viewBox%3D&#39;0%200%20240%20120&#39;%2F%3E\" data-src=\"https:\/\/croissantcatgames.com\/wp-content\/uploads\/2024\/05\/Acord_Comercial_Kidnelis-240x120.jpg\" data-srcset=\"https:\/\/croissantcatgames.com\/wp-content\/uploads\/2024\/05\/Acord_Comercial_Kidnelis-240x120.jpg 240w, https:\/\/croissantcatgames.com\/wp-content\/uploads\/2024\/05\/Acord_Comercial_Kidnelis-480x240.jpg 480w\" loading=\"eager\" style=\"--ratio: 240 \/ 120\" sizes=\"(max-width: 240px) 100vw, 240px\" width=\"240\" height=\"120\"  alt=\"Fotografia de la firma de l&#039;acord\" \/><\/a><\/div><div class=\"post-content\"><a href=\"https:\/\/croissantcatgames.com\/es\/acuerdo-comercial-con-sabadell-shop\/\">Acuerdo comercial con Sabadell Shop<\/a><p class=\"text-small\">Nos complace anunciar que desde Croissant Cat Games hemos llegado a un acuerdo comercial con Sabadell Shop para desarrollar una adaptaci\u00f3n en formato digital del juego educativo Kidnelis y distribuirla.<\/p><time class=\"text-secondary\" datetime=\"2024-05-14T10:02:41+02:00\">14\/05\/2024<\/time><\/div><\/article><\/div><div class=\"wf-cell wf-1\"><article class=\"post-format-standard\"><div class=\"mini-post-img\"><a class=\"alignleft post-rollover layzr-bg\" href=\"https:\/\/croissantcatgames.com\/es\/hoja-de-ruta-2024\/\" aria-label=\"Post image\"><img decoding=\"async\" class=\"preload-me lazy-load aspect\" src=\"data:image\/svg+xml,%3Csvg%20xmlns%3D&#39;http%3A%2F%2Fwww.w3.org%2F2000%2Fsvg&#39;%20viewBox%3D&#39;0%200%20240%20120&#39;%2F%3E\" data-src=\"https:\/\/croissantcatgames.com\/wp-content\/uploads\/2024\/01\/mark-konig-ECGv8s2IPG0-unsplash-scaled-1-240x120.webp\" data-srcset=\"https:\/\/croissantcatgames.com\/wp-content\/uploads\/2024\/01\/mark-konig-ECGv8s2IPG0-unsplash-scaled-1-240x120.webp 240w, https:\/\/croissantcatgames.com\/wp-content\/uploads\/2024\/01\/mark-konig-ECGv8s2IPG0-unsplash-scaled-1-480x240.webp 480w\" loading=\"eager\" style=\"--ratio: 240 \/ 120\" sizes=\"(max-width: 240px) 100vw, 240px\" width=\"240\" height=\"120\"  alt=\"\" \/><\/a><\/div><div class=\"post-content\"><a href=\"https:\/\/croissantcatgames.com\/es\/hoja-de-ruta-2024\/\">Hoja de ruta 2024<\/a><p class=\"text-small\">Ahora llevamos 2 a\u00f1os y medio trabajando en el videojuego BeeTheBest. Primero surgi\u00f3 como una idea de trabajo para el portafolio pero nos fuimos animando t\u00fa y la cosa ha continuado\u2026<\/p><time class=\"text-secondary\" datetime=\"2024-01-22T18:08:05+02:00\">22\/01\/2024<\/time><\/div><\/article><\/div><div class=\"wf-cell wf-1\"><article class=\"post-format-standard\"><div class=\"mini-post-img\"><a class=\"alignleft post-rollover layzr-bg\" href=\"https:\/\/croissantcatgames.com\/es\/hoja-de-ruta-2023\/\" aria-label=\"Post image\"><img decoding=\"async\" class=\"preload-me lazy-load aspect\" src=\"data:image\/svg+xml,%3Csvg%20xmlns%3D&#39;http%3A%2F%2Fwww.w3.org%2F2000%2Fsvg&#39;%20viewBox%3D&#39;0%200%20240%20120&#39;%2F%3E\" data-src=\"https:\/\/croissantcatgames.com\/wp-content\/uploads\/2024\/05\/roadmap2023-1920x960-1-240x120.jpg\" data-srcset=\"https:\/\/croissantcatgames.com\/wp-content\/uploads\/2024\/05\/roadmap2023-1920x960-1-240x120.jpg 240w, https:\/\/croissantcatgames.com\/wp-content\/uploads\/2024\/05\/roadmap2023-1920x960-1-480x240.jpg 480w\" loading=\"eager\" style=\"--ratio: 240 \/ 120\" sizes=\"(max-width: 240px) 100vw, 240px\" width=\"240\" height=\"120\"  alt=\"\" \/><\/a><\/div><div class=\"post-content\"><a href=\"https:\/\/croissantcatgames.com\/es\/hoja-de-ruta-2023\/\">Hoja de ruta 2023<\/a><p class=\"text-small\">Hemos estado trabajando en el videojuego 1 a\u00f1o medio y es hora de que empiece a ver mundo. Por eso este a\u00f1o nos fijamos como objetivo participar en algunos\u2026<\/p><time class=\"text-secondary\" datetime=\"2023-01-18T17:48:28+02:00\">18\/01\/2023<\/time><\/div><\/article><\/div><div class=\"wf-cell wf-1\"><article class=\"post-format-standard\"><div class=\"mini-post-img\"><a class=\"alignleft post-rollover layzr-bg\" href=\"https:\/\/croissantcatgames.com\/es\/sesiones-de-pruebas-a-la-escuela-gravi\/\" aria-label=\"Post image\"><img decoding=\"async\" class=\"preload-me lazy-load aspect\" src=\"data:image\/svg+xml,%3Csvg%20xmlns%3D&#39;http%3A%2F%2Fwww.w3.org%2F2000%2Fsvg&#39;%20viewBox%3D&#39;0%200%20240%20120&#39;%2F%3E\" data-src=\"https:\/\/croissantcatgames.com\/wp-content\/uploads\/2022\/01\/16_escola-gravi-logotip-240x120.jpg\" data-srcset=\"https:\/\/croissantcatgames.com\/wp-content\/uploads\/2022\/01\/16_escola-gravi-logotip-240x120.jpg 240w, https:\/\/croissantcatgames.com\/wp-content\/uploads\/2022\/01\/16_escola-gravi-logotip-379x189.jpg 379w\" loading=\"eager\" style=\"--ratio: 240 \/ 120\" sizes=\"(max-width: 240px) 100vw, 240px\" width=\"240\" height=\"120\"  alt=\"\" \/><\/a><\/div><div class=\"post-content\"><a href=\"https:\/\/croissantcatgames.com\/es\/sesiones-de-pruebas-a-la-escuela-gravi\/\">Sesiones de pruebas a la Escuela Gravi<\/a><p class=\"text-small\">Tuvimos la oportunidad de poder colaborar con la Escola Gravi, con una prueba de juego\u2026<\/p><time class=\"text-secondary\" datetime=\"2022-01-28T19:26:15+02:00\">28\/01\/2022<\/time><\/div><\/article><\/div><\/section>[\/vc_column][\/vc_row]<\/p>\n<\/div>","protected":false},"excerpt":{"rendered":"<p>[vc_row][vc_column][\/vc_column][\/vc_row]<\/p>\n","protected":false},"author":1,"featured_media":0,"parent":0,"menu_order":0,"comment_status":"closed","ping_status":"closed","template":"","meta":{"om_disable_all_campaigns":false,"_monsterinsights_skip_tracking":false,"_monsterinsights_sitenote_active":false,"_monsterinsights_sitenote_note":"","_monsterinsights_sitenote_category":0,"footnotes":""},"class_list":["post-6368","page","type-page","status-publish","hentry","description-off"],"aioseo_notices":[],"_links":{"self":[{"href":"https:\/\/croissantcatgames.com\/es\/wp-json\/wp\/v2\/pages\/6368","targetHints":{"allow":["GET"]}}],"collection":[{"href":"https:\/\/croissantcatgames.com\/es\/wp-json\/wp\/v2\/pages"}],"about":[{"href":"https:\/\/croissantcatgames.com\/es\/wp-json\/wp\/v2\/types\/page"}],"author":[{"embeddable":true,"href":"https:\/\/croissantcatgames.com\/es\/wp-json\/wp\/v2\/users\/1"}],"replies":[{"embeddable":true,"href":"https:\/\/croissantcatgames.com\/es\/wp-json\/wp\/v2\/comments?post=6368"}],"version-history":[{"count":4,"href":"https:\/\/croissantcatgames.com\/es\/wp-json\/wp\/v2\/pages\/6368\/revisions"}],"predecessor-version":[{"id":6658,"href":"https:\/\/croissantcatgames.com\/es\/wp-json\/wp\/v2\/pages\/6368\/revisions\/6658"}],"wp:attachment":[{"href":"https:\/\/croissantcatgames.com\/es\/wp-json\/wp\/v2\/media?parent=6368"}],"curies":[{"name":"wp","href":"https:\/\/api.w.org\/{rel}","templated":true}]}}