{"id":6778,"date":"2024-05-02T19:25:46","date_gmt":"2024-05-02T17:25:46","guid":{"rendered":"https:\/\/croissantcatgames.com\/?page_id=6778"},"modified":"2024-10-07T23:10:47","modified_gmt":"2024-10-07T21:10:47","slug":"politica-de-privadesa-dispositius-mobils","status":"publish","type":"page","link":"https:\/\/croissantcatgames.com\/ca\/politica-de-privadesa-dispositius-mobils\/","title":{"rendered":"Pol\u00edtica de privadesa dispositius m\u00f2bils"},"content":{"rendered":"<p><strong>\u00daltima actualitzaci\u00f3: <\/strong>7 d&#8217;octubre del 2024<\/p>\n<h3>1. Introducci\u00f3:<\/h3>\n<p>La finalitat d\u2019aquesta pol\u00edtica de privacitat \u00e9s la d\u2019informar a les persones lectores, quines s\u00f3n les nostres pol\u00edtiques respecte la recol\u00b7lecci\u00f3 i compartici\u00f3 de dades d\u2019aquells qui utilitzen el nostre Videojoc Kidnelis.<\/p>\n<h3>2. Informaci\u00f3 Recopilada:<\/h3>\n<p>Per tal d\u2019oferir una bona experi\u00e8ncia de joc lliure d\u2019errors, tota la informaci\u00f3 que recol\u00b7lectem s\u00f3n dades anal\u00edtiques. De forma general i an\u00f2nima.<\/p>\n<h3>3. Utilitzaci\u00f3 de les Dades Recopilades:<\/h3>\n<p>Tota la informaci\u00f3 recollida s\u2019utilitzar\u00e0 amb l\u2019\u00fanic objectiu de millorar la funcionalitat de l&#8217;aplicaci\u00f3 o per resoldre errors.<\/p>\n<p>No farem negoci amb les dades.<\/p>\n<p>El nostre Videojoc no inclou anuncis.<\/p>\n<h3>4. Compartici\u00f3 de Dades:<\/h3>\n<p>Actualment no compartim dades amb tercers. En cas de fer-ho, el m\u00e9s probable seria que ho f\u00e8ssim amb Unity Services o Google Play Services, i amb la finalitat, d\u2019ajudar a diagnosticar errors, i actualitzar\u00edem la pol\u00edtica de privadesa.<\/p>\n<h3>5. Seguretat:<\/h3>\n<p>Utilitzem mesures de seguretat administratives, t\u00e8cniques i f\u00edsiques per ajudar a protegir la vostra informaci\u00f3 personal. Tot i que hem pres mesures raonables per protegir la informaci\u00f3 personal que ens proporcioneu, tingueu en compte que, malgrat els nostres esfor\u00e7os, cap mesura de seguretat \u00e9s perfecta o impenetrable, i no es pot garantir cap m\u00e8tode de transmissi\u00f3 de dades contra cap intercepci\u00f3 o altre tipus d&#8217;\u00fas indegut.<\/p>\n<p>A m\u00e9s, qualsevol informaci\u00f3 divulgada en l\u00ednia \u00e9s vulnerable a la intercepci\u00f3 i el mal \u00fas per part de parts no autoritzades. Per tant, no podem garantir la seguretat completa si ens proporciones informaci\u00f3 personal.,<\/p>\n<h3>6. Acc\u00e9s i Control de la Informaci\u00f3:<\/h3>\n<p>En qualsevol moment, podeu revisar o canviar la informaci\u00f3 del vostre compte o cancel\u00b7lar-lo tot:<\/p>\n<ul>\n<li>Iniciant sessi\u00f3 a la configuraci\u00f3 del vostre compte i actualitzant-lo.<\/li>\n<li>Posant-vos en contacte amb nosaltres mitjan\u00e7ant la informaci\u00f3 de contacte proporcionada a continuaci\u00f3<\/li>\n<\/ul>\n<p>Despr\u00e9s de la vostra sol\u00b7licitud per cancel\u00b7lar el vostre compte, desactivarem o suprimirem el vostre compte i la informaci\u00f3 de les nostres bases de dades actives. Tanmateix, podria donar-se el cas que conservem part de la informaci\u00f3 als nostres fitxers per prevenir fraus, solucionar problemes, ajudar amb qualsevol investigaci\u00f3, fer complir les nostres Condicions d&#8217;\u00fas i\/o complir amb els requisits legals.<\/p>\n<h3>7. Consentiment dels Pares o Tutor Legal:<\/h3>\n<p>No sol\u00b7licitem ni comercialitzem informaci\u00f3 de nens menors de 13 anys amb coneixement de causa. Si teniu coneixement de qualsevol dada que hem recopilat de nens menors de 13 anys, poseu-vos en contacte amb nosaltres mitjan\u00e7ant la informaci\u00f3 de contacte que s&#8217;ofereix a continuaci\u00f3.<\/p>\n<h3>8. Canvis en la Pol\u00edtica de Privacitat:<\/h3>\n<p>Ens reservem el dret de fer canvis a aquesta Pol\u00edtica de privadesa en qualsevol moment i per qualsevol motiu. Us avisarem sobre qualsevol canvi actualitzant la data \u00abd&#8217;\u00daltima actualitzaci\u00f3\u00bb d&#8217;aquesta Pol\u00edtica de privadesa.<\/p>\n<p>Qualsevol canvi o modificaci\u00f3 ser\u00e0 efectiu immediatament despr\u00e9s de publicar la Pol\u00edtica de privadesa actualitzada al Lloc, i renuncieu al dret de rebre un av\u00eds espec\u00edfic de cada canvi o modificaci\u00f3.<\/p>\n<p>Us recomanem que reviseu peri\u00f2dicament aquesta Pol\u00edtica de privadesa per mantenir-vos informats de les actualitzacions.<\/p>\n<p>Es considerar\u00e0 que heu estat informats, estareu subjectes a, i es considerar\u00e0 que heu acceptat els canvis en qualsevol Pol\u00edtica de privadesa revisada per l&#8217;\u00fas continuat del lloc despr\u00e9s de la data de publicaci\u00f3 d&#8217;aquesta Pol\u00edtica de privadesa revisada.<\/p>\n<h3>9. Legislaci\u00f3 i Jurisdicci\u00f3:<\/h3>\n<p>Si creiem que la divulgaci\u00f3 de la vostra informaci\u00f3 \u00e9s necess\u00e0ria per respondre a un proc\u00e9s legal, per investigar o solucionar possibles violacions de les nostres pol\u00edtiques o per protegir els drets, la propietat i la seguretat d&#8217;altres persones, podem compartir la vostra informaci\u00f3 segons ho permeti o ho requereixi. qualsevol llei, norma o reglament aplicable. Aix\u00f2 inclou l&#8217;intercanvi d&#8217;informaci\u00f3 amb altres entitats per a la protecci\u00f3 contra el frau i la reducci\u00f3 del risc de cr\u00e8dit.<\/p>\n<h3>10. Preguntes i Contacte:<\/h3>\n<p>Si teniu preguntes o comentaris sobre aquesta Pol\u00edtica de privadesa, poseu-vos en contacte amb nosaltres a:<\/p>\n<p><strong>Croissant Cat Games<\/strong> &#8211; <a href=\"mailto:contact@croissantcatgames.com\" target=\"_blank\" rel=\"noopener\">contact@croissantcatgames.com<\/a><\/p>\n","protected":false},"excerpt":{"rendered":"<p>\u00daltima actualitzaci\u00f3: 7 d&#8217;octubre del 2024 1. Introducci\u00f3: La finalitat d\u2019aquesta pol\u00edtica de privacitat \u00e9s la d\u2019informar a les persones lectores, quines s\u00f3n les nostres pol\u00edtiques respecte la recol\u00b7lecci\u00f3 i compartici\u00f3 de dades d\u2019aquells qui utilitzen el nostre Videojoc Kidnelis. 2. Informaci\u00f3 Recopilada: Per tal d\u2019oferir una bona experi\u00e8ncia de joc lliure d\u2019errors, tota la&hellip;<\/p>\n","protected":false},"author":1,"featured_media":0,"parent":0,"menu_order":0,"comment_status":"closed","ping_status":"closed","template":"","meta":{"om_disable_all_campaigns":false,"_monsterinsights_skip_tracking":false,"_monsterinsights_sitenote_active":false,"_monsterinsights_sitenote_note":"","_monsterinsights_sitenote_category":0,"footnotes":""},"class_list":["post-6778","page","type-page","status-publish","hentry","description-off"],"aioseo_notices":[],"_links":{"self":[{"href":"https:\/\/croissantcatgames.com\/ca\/wp-json\/wp\/v2\/pages\/6778","targetHints":{"allow":["GET"]}}],"collection":[{"href":"https:\/\/croissantcatgames.com\/ca\/wp-json\/wp\/v2\/pages"}],"about":[{"href":"https:\/\/croissantcatgames.com\/ca\/wp-json\/wp\/v2\/types\/page"}],"author":[{"embeddable":true,"href":"https:\/\/croissantcatgames.com\/ca\/wp-json\/wp\/v2\/users\/1"}],"replies":[{"embeddable":true,"href":"https:\/\/croissantcatgames.com\/ca\/wp-json\/wp\/v2\/comments?post=6778"}],"version-history":[{"count":1,"href":"https:\/\/croissantcatgames.com\/ca\/wp-json\/wp\/v2\/pages\/6778\/revisions"}],"predecessor-version":[{"id":6779,"href":"https:\/\/croissantcatgames.com\/ca\/wp-json\/wp\/v2\/pages\/6778\/revisions\/6779"}],"wp:attachment":[{"href":"https:\/\/croissantcatgames.com\/ca\/wp-json\/wp\/v2\/media?parent=6778"}],"curies":[{"name":"wp","href":"https:\/\/api.w.org\/{rel}","templated":true}]}}