{"id":6499,"date":"2024-04-04T21:28:40","date_gmt":"2024-04-04T19:28:40","guid":{"rendered":"https:\/\/croissantcatgames.com\/kidnelis\/"},"modified":"2024-06-18T11:59:47","modified_gmt":"2024-06-18T09:59:47","slug":"kidnelis","status":"publish","type":"page","link":"https:\/\/croissantcatgames.com\/ca\/kidnelis\/","title":{"rendered":"Kidnelis"},"content":{"rendered":"<div class=\"wpb-content-wrapper\"><p>[vc_row][vc_column]<div id=\"ultimate-heading-839969db0a0dd1a4a\" class=\"uvc-heading ult-adjust-bottom-margin ultimate-heading-839969db0a0dd1a4a uvc-8043  uvc-heading-default-font-sizes\" data-hspacer=\"no_spacer\"  data-halign=\"center\" style=\"text-align:center\"><div class=\"uvc-heading-spacer no_spacer\" style=\"top\"><\/div><div class=\"uvc-main-heading ult-responsive\"  data-ultimate-target='.uvc-heading.ultimate-heading-839969db0a0dd1a4a h2'  data-responsive-json-new='{\"font-size\":\"\",\"line-height\":\"\"}' ><h2 style=\"--font-weight:theme;color:#dd3333;\">Veritats, mentides i imaginaci\u00f3<\/h2><\/div><div class=\"uvc-sub-heading ult-responsive\"  data-ultimate-target='.uvc-heading.ultimate-heading-839969db0a0dd1a4a .uvc-sub-heading '  data-responsive-json-new='{\"font-size\":\"\",\"line-height\":\"\"}'  style=\"font-weight:normal;\">Un videojoc per millorar la lectoescriptura<\/div><\/div>[vc_empty_space][vc_single_image image=&#8221;6695&#8243; img_size=&#8221;800&#215;450&#8243; alignment=&#8221;center&#8221; style=&#8221;vc_box_shadow&#8221; onclick=&#8221;link_image&#8221; css_animation=&#8221;bounceInUp&#8221; css=&#8221;&#8221; lazy_loading=&#8221;true&#8221;][vc_empty_space]<div id=\"ultimate-heading-621569db0a0dd1b0b\" class=\"uvc-heading ult-adjust-bottom-margin ultimate-heading-621569db0a0dd1b0b uvc-8662  uvc-heading-default-font-sizes\" data-hspacer=\"no_spacer\"  data-halign=\"center\" style=\"text-align:center\"><div class=\"uvc-heading-spacer no_spacer\" style=\"top\"><\/div><div class=\"uvc-main-heading ult-responsive\"  data-ultimate-target='.uvc-heading.ultimate-heading-621569db0a0dd1b0b h2'  data-responsive-json-new='{\"font-size\":\"\",\"line-height\":\"\"}' ><h2 style=\"--font-weight:theme;\">Qu\u00e8 \u00e9s Kidnelis?<\/h2><\/div><div class=\"uvc-sub-heading ult-responsive\"  data-ultimate-target='.uvc-heading.ultimate-heading-621569db0a0dd1b0b .uvc-sub-heading '  data-responsive-json-new='{\"font-size\":\"\",\"line-height\":\"\"}'  style=\"font-weight:normal;\">Molt m\u00e9s que una experi\u00e8ncia individual<\/div><\/div>[vc_empty_space][vc_column_text css=&#8221;&#8221;]El videojoc Kidnelis \u00e9s una adaptaci\u00f3 del joc de taula amb el mateix nom, que aprofita tots els beneficis que ofereix el format digital per aportar una experi\u00e8ncia m\u00e9s enriquida.<\/p>\n<p>Kidnelis proposa una experi\u00e8ncia que permet a les persones jugadores desenvolupar l\u2019<strong>atenci\u00f3<\/strong>, <strong>concentraci\u00f3<\/strong> i <strong>mem\u00f2ria a curt termini<\/strong>, la <a href=\"https:\/\/www.diccionari.cat\/GDLC\/lectoescriptura#\" target=\"_blank\" rel=\"noopener\"><strong>lectoescriptura<\/strong><\/a>, la <strong>cal\u00b7ligrafia<\/strong>, la <strong>comprensi\u00f3<\/strong> i la <strong>imaginaci\u00f3<\/strong>.<\/p>\n<p>Mitjan\u00e7ant la lectura d&#8217;una se\u0300rie de frases ocurrents, les jugadores hauran de comprendre-les, decidir si so\u0301n vertaderes o falses i despr\u00e9s replicar-ne la construcci\u00f3 b\u00e9 sigui estructurant-les per blocs, escrivint-les amb un llapis digital o utilitzant un teclat QWERTY.<\/p>\n<p>El videojoc busca fomentar la <strong>comunicaci\u00f3<\/strong> tot obrint un espai per a la <strong>discussi\u00f3 verbal<\/strong> en relaci\u00f3 a la versemblan\u00e7a de les frases que s&#8217;han llegit, b\u00e9 sigui amb la <strong>fam\u00edlia<\/strong>, les <strong>amistats<\/strong> o el <strong>professorat<\/strong>.[\/vc_column_text][vc_empty_space height=&#8221;50px&#8221;][vc_row_inner][vc_column_inner width=&#8221;1\/3&#8243;][vc_single_image image=&#8221;6722&#8243; img_size=&#8221;full&#8221; alignment=&#8221;center&#8221; style=&#8221;vc_box_rounded&#8221; onclick=&#8221;link_image&#8221; css_animation=&#8221;bounceInLeft&#8221; css=&#8221;&#8221; lazy_loading=&#8221;true&#8221;][\/vc_column_inner][vc_column_inner width=&#8221;1\/3&#8243;][vc_single_image image=&#8221;6725&#8243; img_size=&#8221;full&#8221; alignment=&#8221;center&#8221; style=&#8221;vc_box_rounded&#8221; onclick=&#8221;link_image&#8221; css_animation=&#8221;bounceInUp&#8221; css=&#8221;&#8221; lazy_loading=&#8221;true&#8221;][\/vc_column_inner][vc_column_inner width=&#8221;1\/3&#8243;][vc_single_image image=&#8221;6728&#8243; img_size=&#8221;full&#8221; alignment=&#8221;center&#8221; style=&#8221;vc_box_rounded&#8221; onclick=&#8221;link_image&#8221; css_animation=&#8221;bounceInRight&#8221; css=&#8221;&#8221; lazy_loading=&#8221;true&#8221;][\/vc_column_inner][\/vc_row_inner][\/vc_column][\/vc_row][vc_row][vc_column][vc_empty_space][vc_column_text css=&#8221;&#8221;]<\/p>\n<h1 style=\"text-align: center;\">Com descarregar el videojoc?<\/h1>\n<p>[\/vc_column_text][vc_empty_space][vc_column_text css=&#8221;&#8221;]<\/p>\n<p style=\"text-align: center;\"><iframe src=\"https:\/\/store.steampowered.com\/widget\/2898890\/?t=Vine%20a%20formar%20part%20de%20la%20comunitat%20de%20Kidnelis!%20Afegeix-lo%20ara%20a%20la%20teva%20llista%20de%20desitjats%20per%20tal%20d'aprofitar%20el%20descompte%20de%20llan%C3%A7ament%20del%2010%25.\" width=\"646\" height=\"190\" frameborder=\"0\"><\/iframe><\/p>\n<p>[\/vc_column_text][vc_row_inner][vc_column_inner][vc_empty_space]<div id=\"ultimate-heading-956069db0a0dd1ba3\" class=\"uvc-heading ult-adjust-bottom-margin ultimate-heading-956069db0a0dd1ba3 uvc-8556  uvc-heading-default-font-sizes\" data-hspacer=\"no_spacer\"  data-halign=\"center\" style=\"text-align:center\"><div class=\"uvc-heading-spacer no_spacer\" style=\"top\"><\/div><div class=\"uvc-sub-heading ult-responsive\"  data-ultimate-target='.uvc-heading.ultimate-heading-956069db0a0dd1ba3 .uvc-sub-heading '  data-responsive-json-new='{\"font-size\":\"\",\"line-height\":\"\"}'  style=\"font-weight:normal;\"><\/p>\n<p style=\"text-align: center;\"><strong>Art i animaci\u00f3:<\/strong> Claudia Popa<\/p>\n<p style=\"text-align: center;\"><strong>Programaci\u00f3:<\/strong> Boris Riera<\/p>\n<p style=\"text-align: center;\"><strong>Disseny i Producci\u00f3:<\/strong> Arnau Frago<\/p>\n<p style=\"text-align: center;\"><strong>M\u00fasica i So: <\/strong>Alejandro Agustin Gay<\/p>\n<p><\/div><\/div>[\/vc_column_inner][\/vc_row_inner][\/vc_column][\/vc_row]<\/p>\n<\/div>","protected":false},"excerpt":{"rendered":"<p>[vc_row][vc_column][vc_empty_space][vc_single_image image=&#8221;6695&#8243; img_size=&#8221;800&#215;450&#8243; alignment=&#8221;center&#8221; style=&#8221;vc_box_shadow&#8221; onclick=&#8221;link_image&#8221; css_animation=&#8221;bounceInUp&#8221; css=&#8221;&#8221; lazy_loading=&#8221;true&#8221;][vc_empty_space][vc_empty_space][vc_column_text css=&#8221;&#8221;]El videojoc Kidnelis \u00e9s una adaptaci\u00f3 del joc de taula amb el mateix nom, que aprofita tots els beneficis que ofereix el format digital per aportar una experi\u00e8ncia m\u00e9s enriquida. Kidnelis proposa una experi\u00e8ncia que permet a les persones jugadores desenvolupar l\u2019atenci\u00f3, concentraci\u00f3 i mem\u00f2ria a&hellip;<\/p>\n","protected":false},"author":1,"featured_media":0,"parent":0,"menu_order":0,"comment_status":"closed","ping_status":"closed","template":"","meta":{"om_disable_all_campaigns":false,"_monsterinsights_skip_tracking":false,"_monsterinsights_sitenote_active":false,"_monsterinsights_sitenote_note":"","_monsterinsights_sitenote_category":0,"footnotes":""},"class_list":["post-6499","page","type-page","status-publish","hentry","description-off"],"aioseo_notices":[],"_links":{"self":[{"href":"https:\/\/croissantcatgames.com\/ca\/wp-json\/wp\/v2\/pages\/6499","targetHints":{"allow":["GET"]}}],"collection":[{"href":"https:\/\/croissantcatgames.com\/ca\/wp-json\/wp\/v2\/pages"}],"about":[{"href":"https:\/\/croissantcatgames.com\/ca\/wp-json\/wp\/v2\/types\/page"}],"author":[{"embeddable":true,"href":"https:\/\/croissantcatgames.com\/ca\/wp-json\/wp\/v2\/users\/1"}],"replies":[{"embeddable":true,"href":"https:\/\/croissantcatgames.com\/ca\/wp-json\/wp\/v2\/comments?post=6499"}],"version-history":[{"count":12,"href":"https:\/\/croissantcatgames.com\/ca\/wp-json\/wp\/v2\/pages\/6499\/revisions"}],"predecessor-version":[{"id":6772,"href":"https:\/\/croissantcatgames.com\/ca\/wp-json\/wp\/v2\/pages\/6499\/revisions\/6772"}],"wp:attachment":[{"href":"https:\/\/croissantcatgames.com\/ca\/wp-json\/wp\/v2\/media?parent=6499"}],"curies":[{"name":"wp","href":"https:\/\/api.w.org\/{rel}","templated":true}]}}