{"id":6370,"date":"2024-02-28T21:54:31","date_gmt":"2024-02-28T19:54:31","guid":{"rendered":"https:\/\/croissantcatgames.com\/?page_id=6370"},"modified":"2024-05-16T17:41:41","modified_gmt":"2024-05-16T15:41:41","slug":"blog","status":"publish","type":"page","link":"https:\/\/croissantcatgames.com\/ca\/blog\/","title":{"rendered":"Blog"},"content":{"rendered":"<div class=\"wpb-content-wrapper\"><p>[vc_row][vc_column]<section class=\"items-grid wf-container\"><div class=\"wf-cell wf-1\"><article class=\"post-format-standard\"><div class=\"mini-post-img\"><a class=\"alignleft post-rollover layzr-bg\" href=\"https:\/\/croissantcatgames.com\/ca\/full-de-ruta-2025\/\" aria-label=\"Post image\"><img decoding=\"async\" class=\"preload-me lazy-load aspect\" src=\"data:image\/svg+xml,%3Csvg%20xmlns%3D&#39;http%3A%2F%2Fwww.w3.org%2F2000%2Fsvg&#39;%20viewBox%3D&#39;0%200%20240%20120&#39;%2F%3E\" data-src=\"https:\/\/croissantcatgames.com\/wp-content\/uploads\/2025\/01\/RoadMap2025-240x120.jpg\" data-srcset=\"https:\/\/croissantcatgames.com\/wp-content\/uploads\/2025\/01\/RoadMap2025-240x120.jpg 240w, https:\/\/croissantcatgames.com\/wp-content\/uploads\/2025\/01\/RoadMap2025-480x240.jpg 480w\" loading=\"eager\" style=\"--ratio: 240 \/ 120\" sizes=\"(max-width: 240px) 100vw, 240px\" width=\"240\" height=\"120\"  alt=\"\" \/><\/a><\/div><div class=\"post-content\"><a href=\"https:\/\/croissantcatgames.com\/ca\/full-de-ruta-2025\/\">Full de ruta 2025<\/a><p class=\"text-small\">Durant el passat 2024, hem avan\u00e7at for\u00e7a amb el videojoc BeeTheBest. Hem millorat els gr\u00e0fics creant nous fons de pantalla i afegint...<\/p><time class=\"text-secondary\" datetime=\"2025-01-23T12:45:57+02:00\">23\/01\/2025<\/time><\/div><\/article><\/div><div class=\"wf-cell wf-1\"><article class=\"post-format-standard\"><div class=\"mini-post-img\"><a class=\"alignleft post-rollover layzr-bg\" href=\"https:\/\/croissantcatgames.com\/ca\/participacio-al-saga\/\" aria-label=\"Post image\"><img decoding=\"async\" class=\"preload-me lazy-load aspect\" src=\"data:image\/svg+xml,%3Csvg%20xmlns%3D&#39;http%3A%2F%2Fwww.w3.org%2F2000%2Fsvg&#39;%20viewBox%3D&#39;0%200%20240%20120&#39;%2F%3E\" data-src=\"https:\/\/croissantcatgames.com\/wp-content\/uploads\/2024\/11\/master_grafica_1_1716301613_700_1719568362_700_1_1730979893_700-240x120.jpg\" data-srcset=\"https:\/\/croissantcatgames.com\/wp-content\/uploads\/2024\/11\/master_grafica_1_1716301613_700_1719568362_700_1_1730979893_700-240x120.jpg 240w, https:\/\/croissantcatgames.com\/wp-content\/uploads\/2024\/11\/master_grafica_1_1716301613_700_1719568362_700_1_1730979893_700-480x240.jpg 480w\" loading=\"eager\" style=\"--ratio: 240 \/ 120\" sizes=\"(max-width: 240px) 100vw, 240px\" width=\"240\" height=\"120\"  alt=\"\" \/><\/a><\/div><div class=\"post-content\"><a href=\"https:\/\/croissantcatgames.com\/ca\/participacio-al-saga\/\">Participaci\u00f3 al \u2192 SAGA<\/a><p class=\"text-small\">Del 29 de novembre a l\u20191 de desembre d\u2019enguany, serem altre cop a La Farga de l\u2019Hospitalet, punt neur\u00e0lgic actual del videojoc a Catalunya...<\/p><time class=\"text-secondary\" datetime=\"2024-11-11T17:16:04+02:00\">11\/11\/2024<\/time><\/div><\/article><\/div><div class=\"wf-cell wf-1\"><article class=\"post-format-standard\"><div class=\"mini-post-img\"><a class=\"alignleft post-rollover layzr-bg\" href=\"https:\/\/croissantcatgames.com\/ca\/llancament-del-videojoc-kidnelis\/\" aria-label=\"Post image\"><img decoding=\"async\" class=\"preload-me lazy-load aspect\" src=\"data:image\/svg+xml,%3Csvg%20xmlns%3D&#39;http%3A%2F%2Fwww.w3.org%2F2000%2Fsvg&#39;%20viewBox%3D&#39;0%200%20240%20120&#39;%2F%3E\" data-src=\"https:\/\/croissantcatgames.com\/wp-content\/uploads\/2024\/05\/Juga-240x120.jpg\" data-srcset=\"https:\/\/croissantcatgames.com\/wp-content\/uploads\/2024\/05\/Juga-240x120.jpg 240w, https:\/\/croissantcatgames.com\/wp-content\/uploads\/2024\/05\/Juga-480x240.jpg 480w\" loading=\"eager\" style=\"--ratio: 240 \/ 120\" sizes=\"(max-width: 240px) 100vw, 240px\" width=\"240\" height=\"120\"  alt=\"\" \/><\/a><\/div><div class=\"post-content\"><a href=\"https:\/\/croissantcatgames.com\/ca\/llancament-del-videojoc-kidnelis\/\">Llan\u00e7ament del videojoc Kidnelis<\/a><p class=\"text-small\">El proper 10 de juny durem a terme el llan\u00e7ament del videojoc Kidnelis per a ordinador mitjan\u00e7ant la plataforma STEAM...<\/p><time class=\"text-secondary\" datetime=\"2024-05-31T22:37:41+02:00\">31\/05\/2024<\/time><\/div><\/article><\/div><div class=\"wf-cell wf-1\"><article class=\"post-format-standard\"><div class=\"mini-post-img\"><a class=\"alignleft post-rollover layzr-bg\" href=\"https:\/\/croissantcatgames.com\/ca\/acord-comercial-amb-sabadell-shop\/\" aria-label=\"Post image\"><img decoding=\"async\" class=\"preload-me lazy-load aspect\" src=\"data:image\/svg+xml,%3Csvg%20xmlns%3D&#39;http%3A%2F%2Fwww.w3.org%2F2000%2Fsvg&#39;%20viewBox%3D&#39;0%200%20240%20120&#39;%2F%3E\" data-src=\"https:\/\/croissantcatgames.com\/wp-content\/uploads\/2024\/05\/Acord_Comercial_Kidnelis-240x120.jpg\" data-srcset=\"https:\/\/croissantcatgames.com\/wp-content\/uploads\/2024\/05\/Acord_Comercial_Kidnelis-240x120.jpg 240w, https:\/\/croissantcatgames.com\/wp-content\/uploads\/2024\/05\/Acord_Comercial_Kidnelis-480x240.jpg 480w\" loading=\"eager\" style=\"--ratio: 240 \/ 120\" sizes=\"(max-width: 240px) 100vw, 240px\" width=\"240\" height=\"120\"  alt=\"Fotografia de la firma de l&#039;acord\" \/><\/a><\/div><div class=\"post-content\"><a href=\"https:\/\/croissantcatgames.com\/ca\/acord-comercial-amb-sabadell-shop\/\">Acord comercial amb Sabadell Shop<\/a><p class=\"text-small\">Des de Croissant Cat Games ens complau anunciar que hem arribat a un acord comercial amb Sabadell Shop per tal de desenvolupar i distribuir una adaptaci\u00f3 digital del joc educatiu \u00abKidnelis\u00bb.<\/p><time class=\"text-secondary\" datetime=\"2024-05-14T10:02:41+02:00\">14\/05\/2024<\/time><\/div><\/article><\/div><div class=\"wf-cell wf-1\"><article class=\"post-format-standard\"><div class=\"mini-post-img\"><a class=\"alignleft post-rollover layzr-bg\" href=\"https:\/\/croissantcatgames.com\/ca\/full-de-ruta-2024\/\" aria-label=\"Post image\"><img decoding=\"async\" class=\"preload-me lazy-load aspect\" src=\"data:image\/svg+xml,%3Csvg%20xmlns%3D&#39;http%3A%2F%2Fwww.w3.org%2F2000%2Fsvg&#39;%20viewBox%3D&#39;0%200%20240%20120&#39;%2F%3E\" data-src=\"https:\/\/croissantcatgames.com\/wp-content\/uploads\/2024\/01\/mark-konig-ECGv8s2IPG0-unsplash-scaled-1-240x120.webp\" data-srcset=\"https:\/\/croissantcatgames.com\/wp-content\/uploads\/2024\/01\/mark-konig-ECGv8s2IPG0-unsplash-scaled-1-240x120.webp 240w, https:\/\/croissantcatgames.com\/wp-content\/uploads\/2024\/01\/mark-konig-ECGv8s2IPG0-unsplash-scaled-1-480x240.webp 480w\" loading=\"eager\" style=\"--ratio: 240 \/ 120\" sizes=\"(max-width: 240px) 100vw, 240px\" width=\"240\" height=\"120\"  alt=\"\" \/><\/a><\/div><div class=\"post-content\"><a href=\"https:\/\/croissantcatgames.com\/ca\/full-de-ruta-2024\/\">Full de ruta 2024<\/a><p class=\"text-small\">Per al full de ruta del 2024 hem de considerar que ja portem 2 anys i mig treballant en el videojoc BeeTheBest. Primer va sorgir com una idea de treball per al portafolis per\u00f2 ens vam anar animant i\u2026<\/p><time class=\"text-secondary\" datetime=\"2024-01-22T18:08:05+02:00\">22\/01\/2024<\/time><\/div><\/article><\/div><div class=\"wf-cell wf-1\"><article class=\"post-format-standard\"><div class=\"mini-post-img\"><a class=\"alignleft post-rollover layzr-bg\" href=\"https:\/\/croissantcatgames.com\/ca\/full-de-ruta-2023\/\" aria-label=\"Post image\"><img decoding=\"async\" class=\"preload-me lazy-load aspect\" src=\"data:image\/svg+xml,%3Csvg%20xmlns%3D&#39;http%3A%2F%2Fwww.w3.org%2F2000%2Fsvg&#39;%20viewBox%3D&#39;0%200%20240%20120&#39;%2F%3E\" data-src=\"https:\/\/croissantcatgames.com\/wp-content\/uploads\/2024\/05\/roadmap2023-1920x960-1-240x120.jpg\" data-srcset=\"https:\/\/croissantcatgames.com\/wp-content\/uploads\/2024\/05\/roadmap2023-1920x960-1-240x120.jpg 240w, https:\/\/croissantcatgames.com\/wp-content\/uploads\/2024\/05\/roadmap2023-1920x960-1-480x240.jpg 480w\" loading=\"eager\" style=\"--ratio: 240 \/ 120\" sizes=\"(max-width: 240px) 100vw, 240px\" width=\"240\" height=\"120\"  alt=\"\" \/><\/a><\/div><div class=\"post-content\"><a href=\"https:\/\/croissantcatgames.com\/ca\/full-de-ruta-2023\/\">Full de ruta 2023<\/a><p class=\"text-small\">Hem estat treballant en el videojoc 1 any mig i \u00e9s hora que comenci a veure m\u00f3n. \u00c9s per aix\u00f2 que aquest any ens fixem com a objectiu participar a\u2026<\/p><time class=\"text-secondary\" datetime=\"2023-01-18T17:48:28+02:00\">18\/01\/2023<\/time><\/div><\/article><\/div><div class=\"wf-cell wf-1\"><article class=\"post-format-standard\"><div class=\"mini-post-img\"><a class=\"alignleft post-rollover layzr-bg\" href=\"https:\/\/croissantcatgames.com\/ca\/sessions-de-proves-a-escola-gravi\/\" aria-label=\"Post image\"><img decoding=\"async\" class=\"preload-me lazy-load aspect\" src=\"data:image\/svg+xml,%3Csvg%20xmlns%3D&#39;http%3A%2F%2Fwww.w3.org%2F2000%2Fsvg&#39;%20viewBox%3D&#39;0%200%20240%20120&#39;%2F%3E\" data-src=\"https:\/\/croissantcatgames.com\/wp-content\/uploads\/2022\/01\/16_escola-gravi-logotip-240x120.jpg\" data-srcset=\"https:\/\/croissantcatgames.com\/wp-content\/uploads\/2022\/01\/16_escola-gravi-logotip-240x120.jpg 240w, https:\/\/croissantcatgames.com\/wp-content\/uploads\/2022\/01\/16_escola-gravi-logotip-379x189.jpg 379w\" loading=\"eager\" style=\"--ratio: 240 \/ 120\" sizes=\"(max-width: 240px) 100vw, 240px\" width=\"240\" height=\"120\"  alt=\"\" \/><\/a><\/div><div class=\"post-content\"><a href=\"https:\/\/croissantcatgames.com\/ca\/sessions-de-proves-a-escola-gravi\/\">Sessions de proves a l\u2019Escola Gravi<\/a><p class=\"text-small\">Vam tenir la oportunitat de poder col\u00b7laborar amb l\u2019Escola Gravi amb una prova de joc\u2026\r\n<\/p><time class=\"text-secondary\" datetime=\"2022-01-28T19:26:15+02:00\">28\/01\/2022<\/time><\/div><\/article><\/div><\/section>[\/vc_column][\/vc_row]<\/p>\n<\/div>","protected":false},"excerpt":{"rendered":"<p>[vc_row][vc_column][\/vc_column][\/vc_row]<\/p>\n","protected":false},"author":1,"featured_media":0,"parent":0,"menu_order":0,"comment_status":"closed","ping_status":"closed","template":"","meta":{"om_disable_all_campaigns":false,"_monsterinsights_skip_tracking":false,"_monsterinsights_sitenote_active":false,"_monsterinsights_sitenote_note":"","_monsterinsights_sitenote_category":0,"footnotes":""},"class_list":["post-6370","page","type-page","status-publish","hentry","description-off"],"aioseo_notices":[],"_links":{"self":[{"href":"https:\/\/croissantcatgames.com\/ca\/wp-json\/wp\/v2\/pages\/6370","targetHints":{"allow":["GET"]}}],"collection":[{"href":"https:\/\/croissantcatgames.com\/ca\/wp-json\/wp\/v2\/pages"}],"about":[{"href":"https:\/\/croissantcatgames.com\/ca\/wp-json\/wp\/v2\/types\/page"}],"author":[{"embeddable":true,"href":"https:\/\/croissantcatgames.com\/ca\/wp-json\/wp\/v2\/users\/1"}],"replies":[{"embeddable":true,"href":"https:\/\/croissantcatgames.com\/ca\/wp-json\/wp\/v2\/comments?post=6370"}],"version-history":[{"count":3,"href":"https:\/\/croissantcatgames.com\/ca\/wp-json\/wp\/v2\/pages\/6370\/revisions"}],"predecessor-version":[{"id":6656,"href":"https:\/\/croissantcatgames.com\/ca\/wp-json\/wp\/v2\/pages\/6370\/revisions\/6656"}],"wp:attachment":[{"href":"https:\/\/croissantcatgames.com\/ca\/wp-json\/wp\/v2\/media?parent=6370"}],"curies":[{"name":"wp","href":"https:\/\/api.w.org\/{rel}","templated":true}]}}